{"id":13514,"date":"2020-04-15T07:59:37","date_gmt":"2020-04-14T22:59:37","guid":{"rendered":"https:\/\/japanintercultural.com\/privacy-policy-2\/"},"modified":"2025-03-14T15:27:46","modified_gmt":"2025-03-14T06:27:46","slug":"privacy-policy","status":"publish","type":"page","link":"https:\/\/japanintercultural.com\/es\/privacy-policy\/","title":{"rendered":"Privacy Policy"},"content":{"rendered":"<div class=\"wpb-content-wrapper\"><p>[vc_row css_animation=&#8221;&#8221; row_type=&#8221;row&#8221; use_row_as_full_screen_section=&#8221;no&#8221; type=&#8221;full_width&#8221; angled_section=&#8221;no&#8221; text_align=&#8221;left&#8221; background_image_as_pattern=&#8221;without_pattern&#8221;][vc_column][vc_separator type=&#8221;normal&#8221; transparency=&#8221;0&#8243; thickness=&#8221;0&#8243; up=&#8221;75&#8243; el_class=&#8221;spacing-75&#8243;][\/vc_column][\/vc_row][vc_row css_animation=&#8221;&#8221; row_type=&#8221;row&#8221; use_row_as_full_screen_section=&#8221;no&#8221; type=&#8221;grid&#8221; angled_section=&#8221;no&#8221; text_align=&#8221;left&#8221; background_image_as_pattern=&#8221;without_pattern&#8221; z_index=&#8221;&#8221;][vc_column][vc_column_text css=&#8221;&#8221;]<\/p>\r\n<h4 class=\"wp-block-heading\"><\/h4>\r\n<h4 class=\"wp-block-heading\">Pol\u00edtica de privacidad<\/h4>\r\n<p>Japan Intercultural Consulting considera que su privacidad es importante, por lo tanto, no revende ning\u00fan tipo de informaci\u00f3n recogida a trav\u00e9s de su sitio web ni de ning\u00fan<br \/>formulario de contacto. Si quiere que eliminemos sus datos de nuestra lista de contactos, env\u00edenos un <a href=\"mailto:unsubscribe@japanintercultural.com\">correo electr\u00f3nico<\/a> o p\u00f3ngase en contacto con una de nuestras oficinas internacionales. Las cookies de internet se usan para ofrecerle la mejor experiencia en el sitio web; no se recogen datos personales en dichas cookies.<\/p>\r\n<h4>Condiciones de uso<\/h4>\r\n<p>Japan Intercultural Consulting facilita su sitio web \u2014con todo su contenido y todas sus funciones\u2014 en su estado actual, sin garant\u00edas expresas de su disponibilidad. Todo el contenido ofrecido en este sitio web es \u00fanicamente a t\u00edtulo informativo. Japan Intercultural Consulting y los miembros de su equipo no se hacen cargo de ninguna responsabilidad legal que pudiera resultar de cualquier informaci\u00f3n aportada.<\/p>\r\n<p><a href=\"https:\/\/japanintercultural.com\/es\/politica-de-privacidad-de-japanintercultural-com\/\">Pol\u00edtica de<\/a><\/p>\r\n<h4>Marcas registradas y derechos de autor<\/h4>\r\n<p>Todos los logotipos, contenidos, im\u00e1genes y materiales que aparecen en este sitio web son \u00fanica y exclusivamente propiedad de Japan Intercultural Consulting. Los miembros de su equipo y sus socios no pueden reproducir, publicar ni redistribuir absolutamente nada sin el consentimiento expreso de los propietarios de la propiedad intelectual.<\/p>\r\n<h4>Enlaces<\/h4>\r\n<p>Japan Intercultural Consulting permite enlaces a cualquier p\u00e1gina web disponible p\u00fablicamente en este sitio web.<\/p>\r\n<h4><\/h4>\r\n<p>[\/vc_column_text][\/vc_column][\/vc_row][vc_row css_animation=&#8221;&#8221; row_type=&#8221;row&#8221; use_row_as_full_screen_section=&#8221;no&#8221; type=&#8221;full_width&#8221; angled_section=&#8221;no&#8221; text_align=&#8221;left&#8221; background_image_as_pattern=&#8221;without_pattern&#8221;][vc_column][vc_separator type=&#8221;normal&#8221; transparency=&#8221;0&#8243; thickness=&#8221;0&#8243; up=&#8221;150&#8243; el_class=&#8221;spacing-150&#8243;][\/vc_column][\/vc_row]<\/p><\/div>","protected":false},"excerpt":{"rendered":"<p>[vc_row css_animation=&#8221;&#8221; row_type=&#8221;row&#8221; use_row_as_full_screen_section=&#8221;no&#8221; type=&#8221;full_width&#8221; angled_section=&#8221;no&#8221; text_align=&#8221;left&#8221; background_image_as_pattern=&#8221;without_pattern&#8221;][vc_column][vc_separator type=&#8221;normal&#8221; transparency=&#8221;0&#8243; thickness=&#8221;0&#8243; up=&#8221;75&#8243; el_class=&#8221;spacing-75&#8243;][\/vc_column][\/vc_row][vc_row css_animation=&#8221;&#8221; row_type=&#8221;row&#8221; use_row_as_full_screen_section=&#8221;no&#8221; type=&#8221;grid&#8221; angled_section=&#8221;no&#8221; text_align=&#8221;left&#8221; background_image_as_pattern=&#8221;without_pattern&#8221; z_index=&#8221;&#8221;][vc_column][vc_column_text css=&#8221;&#8221;] Pol\u00edtica de privacidad Japan Intercultural Consulting considera que&#8230;<\/p>\n","protected":false},"author":1,"featured_media":0,"parent":0,"menu_order":0,"comment_status":"closed","ping_status":"closed","template":"full_width.php","meta":{"footnotes":""},"class_list":["post-13514","page","type-page","status-publish","hentry"],"publishpress_future_action":{"enabled":false,"date":"2026-04-27 18:57:23","action":"change-status","newStatus":"draft","terms":[],"taxonomy":"translation_priority","extraData":[]},"publishpress_future_workflow_manual_trigger":{"enabledWorkflows":[]},"_links":{"self":[{"href":"https:\/\/japanintercultural.com\/es\/wp-json\/wp\/v2\/pages\/13514","targetHints":{"allow":["GET"]}}],"collection":[{"href":"https:\/\/japanintercultural.com\/es\/wp-json\/wp\/v2\/pages"}],"about":[{"href":"https:\/\/japanintercultural.com\/es\/wp-json\/wp\/v2\/types\/page"}],"author":[{"embeddable":true,"href":"https:\/\/japanintercultural.com\/es\/wp-json\/wp\/v2\/users\/1"}],"replies":[{"embeddable":true,"href":"https:\/\/japanintercultural.com\/es\/wp-json\/wp\/v2\/comments?post=13514"}],"version-history":[{"count":8,"href":"https:\/\/japanintercultural.com\/es\/wp-json\/wp\/v2\/pages\/13514\/revisions"}],"predecessor-version":[{"id":13528,"href":"https:\/\/japanintercultural.com\/es\/wp-json\/wp\/v2\/pages\/13514\/revisions\/13528"}],"wp:attachment":[{"href":"https:\/\/japanintercultural.com\/es\/wp-json\/wp\/v2\/media?parent=13514"}],"curies":[{"name":"wp","href":"https:\/\/api.w.org\/{rel}","templated":true}]}}