{"id":13522,"date":"2025-03-14T14:59:59","date_gmt":"2025-03-14T05:59:59","guid":{"rendered":"https:\/\/japanintercultural.com\/?page_id=13522"},"modified":"2025-03-14T15:33:27","modified_gmt":"2025-03-14T06:33:27","slug":"politica-de-privacidad-de-japanintercultural-com","status":"publish","type":"page","link":"https:\/\/japanintercultural.com\/es\/politica-de-privacidad-de-japanintercultural-com\/","title":{"rendered":"Pol\u00edtica de privacidad de\u00a0JapanIntercultural.com"},"content":{"rendered":"<div class=\"wpb-content-wrapper\"><p>[vc_row css_animation=&#8221;&#8221; row_type=&#8221;row&#8221; use_row_as_full_screen_section=&#8221;no&#8221; type=&#8221;full_width&#8221; angled_section=&#8221;no&#8221; text_align=&#8221;left&#8221; background_image_as_pattern=&#8221;without_pattern&#8221;][vc_column][vc_separator type=&#8221;normal&#8221; transparency=&#8221;0&#8243; thickness=&#8221;0&#8243; up=&#8221;100&#8243; el_class=&#8221;spacing-100&#8243;][\/vc_column][\/vc_row][vc_row css_animation=&#8221;&#8221; row_type=&#8221;row&#8221; use_row_as_full_screen_section=&#8221;no&#8221; type=&#8221;grid&#8221; angled_section=&#8221;no&#8221; text_align=&#8221;left&#8221; background_image_as_pattern=&#8221;without_pattern&#8221; z_index=&#8221;&#8221;][vc_column offset=&#8221;vc_hidden-sm vc_hidden-xs&#8221;][vc_column_text css=&#8221;&#8221; el_class=&#8221;page-intro&#8221;]Pol\u00edtica de privacidad de JapanIntercultural.com<\/p>\n<p>Para recibir informaci\u00f3n acerca de sus datos personales, de los prop\u00f3sitos y de las partes con las que se comparten los datos, p\u00f3ngase en contacto con el propietario.<\/p>\n<p><strong>Propietario\/a y responsable del tratamiento de datos<\/strong><br \/>\nRochelle Kopp, Japan Intercultural Consulting<br \/>\n4000 W Montrose Ave #257, Chicago IL 60641<br \/>\nCorreo electr\u00f3nico de contacto del\/de la propietario\/a: <a href=\"mailto:tomoko.parry@japanintercultural.com\">tomoko.parry@japanintercultural.com<\/a>[\/vc_column_text][vc_column_text css=&#8221;&#8221;]<strong>Tipos de datos que se recogen<\/strong><\/p>\n<p>El propietario no proporciona una lista de tipos de datos personales recogidos.<br \/>\nLos detalles completos de cada tipo de dato personal recogido se disponen en secciones espec\u00edficas de esta pol\u00edtica de privacidad o bien mediante documentos explicativos determinados que se muestran antes de la recogida de los datos.<\/p>\n<p>El usuario puede facilitar libremente los datos personales. En el caso de los datos de uso, estos pueden recogerse de forma autom\u00e1tica al usar esta aplicaci\u00f3n.<\/p>\n<p>A menos que se especifique lo contrario, todos los datos que solicita esta aplicaci\u00f3n son obligatorios. Si no se facilitan, es posible que la aplicaci\u00f3n no pueda ofrecer sus servicios. En el caso de que esta aplicaci\u00f3n indique de manera determinada que algunos datos no son obligatorios, los usuarios podr\u00e1n decidir si facilitar o no estos datos, sin ning\u00fan tipo de repercusi\u00f3n con respecto a la disponibilidad o al funcionamiento del servicio.<\/p>\n<p>Los usuarios que tengan alguna duda sobre qu\u00e9 datos personales son obligatorios podr\u00e1n ponerse en contacto con el propietario.<\/p>\n<p>Todo uso de cookies \u2014o de cualquier otro tipo de herramienta de seguimiento\u2014 que lleva a cabo esta aplicaci\u00f3n, o los propietarios de servicios de terceros que usa esta aplicaci\u00f3n, sirve para ofrecer el servicio que el usuario ha solicitado, adem\u00e1s de otros prop\u00f3sitos descritos en el presente documento y en la Pol\u00edtica de cookies.<\/p>\n<p>Los usuarios se hacen responsables de los datos personales de terceros que se hayan obtenido, publicado y compartido mediante esta aplicaci\u00f3n.<\/p>\n<h4><strong><br \/>\nFormas y ubicaci\u00f3n del tratamiento de datos<\/strong><\/h4>\n<p><strong>M\u00e9todos de tratamiento de datos<\/strong><br \/>\nEl propietario adopta las medidas de seguridad correspondientes para evitar el acceso no autorizado, la divulgaci\u00f3n, la modificaci\u00f3n y la destrucci\u00f3n no autorizada de datos. El tratamiento de datos se lleva a cabo mediante el uso de ordenadores o de herramientas inform\u00e1ticas habilitadas para ello. Este proceso se hace siguiendo los procedimientos y m\u00e9todos de organizaci\u00f3n relacionados expresamente con los prop\u00f3sitos indicados. Adem\u00e1s del acceso del propietario, en algunos casos, los datos pueden ser accesibles para un determinado n\u00famero de personas responsables, aquellas que participan en el funcionamiento de esta aplicaci\u00f3n (departamentos de Administraci\u00f3n, Ventas, Mercadotecnia, Jur\u00eddico y Administraci\u00f3n del sistema) o terceros externos contratados (como proveedores de servicios t\u00e9cnicos externos, carteros, proveedores de alojamiento de servidores, empresas de inform\u00e1tica y agencias de comunicaci\u00f3n), si fuera necesario, como encargados del tratamiento de datos por parte del propietario. Se puede solicitar en cualquier momento la lista actualizada de estos terceros al propietario.<\/p>\n<p><strong>Ubicaci\u00f3n<\/strong><br \/>\nLos datos se tratan en las oficinas operativas del propietario, adem\u00e1s de en otras ubicaciones donde se encuentran terceros que participan en el tratamiento de dichos datos.<\/p>\n<p>Seg\u00fan la ubicaci\u00f3n del usuario, las transferencias de datos pueden suponer el traslado de datos del usuario a otro pa\u00eds. Para obtener m\u00e1s informaci\u00f3n acerca de la ubicaci\u00f3n del tratamiento de los datos transferidos, los usuarios pueden consultar la secci\u00f3n que contiene los detalles acerca del tratamiento de los datos personales.<\/p>\n<p><strong>Periodo de conservaci\u00f3n<\/strong><br \/>\nA menos que se especifique lo contrario en este documento, los datos personales se tratar\u00e1n y guardar\u00e1n durante el tiempo establecido para el prop\u00f3sito por el que se han recogido. Asimismo, pueden conservarse durante m\u00e1s tiempo seg\u00fan las obligaciones legales vigentes o seg\u00fan el consentimiento de los usuarios.<\/p>\n<p><strong>Pol\u00edtica de cookies<\/strong><br \/>\nEsta aplicaci\u00f3n usa herramientas de seguimiento. Los usuarios pueden consultar la Pol\u00edtica de cookies para obtener m\u00e1s informaci\u00f3n.<\/p>\n<p><strong>Informaci\u00f3n adicional para usuarios de la Uni\u00f3n Europea<\/strong><br \/>\nEsta secci\u00f3n se aplica a todos los usuarios de la Uni\u00f3n Europea, seg\u00fan el Reglamento General de Protecci\u00f3n de Datos (RGPD), y, para dichos usuarios, sustituye a cualquier otra informaci\u00f3n posiblemente distinta o contradictoria que contenga la pol\u00edtica de privacidad. Para obtener m\u00e1s detalles relacionados con las categor\u00edas de datos tratados, los prop\u00f3sitos del tratamiento, las categor\u00edas de los destinatarios de los datos personales y, si es necesario, con m\u00e1s informaci\u00f3n acerca de los datos personales, dir\u00edjase a la secci\u00f3n titulada Informaci\u00f3n detallada sobre el tratamiento de datos personales, incluida en este documento.<\/p>\n<p><strong>Base legal del tratamiento de datos<\/strong><br \/>\nEl propietario puede tratar los datos personales de los usuarios si se aplica uno de los siguientes casos:<\/p>\n<ul>\n<li>Los usuarios dan su consentimiento para uno o m\u00e1s prop\u00f3sitos determinados;<\/li>\n<li>la disposici\u00f3n de datos es necesaria para el cumplimiento de un acuerdo con el usuario o para obligaciones precontractuales de dicho acuerdo;<br \/>\nel tratamiento es necesario para el cumplimiento de las obligaciones legales a las que est\u00e1 sujeto el propietario;<\/li>\n<li>el tratamiento est\u00e1 relacionado con una labor que se lleva a cabo en beneficio del inter\u00e9s p\u00fablico o en el ejercicio de la autoridad p\u00fablica conferida al propietario;<\/li>\n<li>o el tratamiento es necesario para los prop\u00f3sitos de los intereses leg\u00edtimos que promueve el propietario o un tercero.<\/li>\n<\/ul>\n<p>En cualquier caso, el propietario estar\u00e1 dispuesto a ayudar en la explicaci\u00f3n de la base legal espec\u00edfica que se aplique al tratamiento, sobre todo si la disposici\u00f3n de los datos personales es un requisito legal o contractual, o bien es un requisito necesario para firmar un contrato.<\/p>\n<p><strong>Informaci\u00f3n adicional sobre el periodo de conservaci\u00f3n de los datos<\/strong><br \/>\nA menos que se especifique lo contrario en este documento, los datos personales se tratar\u00e1n y guardar\u00e1n durante el tiempo establecido para el prop\u00f3sito por el que se han recogido. Asimismo, pueden conservarse durante m\u00e1s tiempo seg\u00fan las obligaciones legales vigentes o seg\u00fan el consentimiento de los usuarios.<br \/>\nPor lo tanto:<\/p>\n<ul>\n<li>Los datos personales recogidos por motivos relacionados con el cumplimiento de un contrato entre el propietario y el usuario se conservar\u00e1n hasta que finalice por completo dicho contrato.<\/li>\n<li>Los datos personales recogidos por motivos relacionados con los intereses leg\u00edtimos del propietario se conservar\u00e1n hasta que se consuman los prop\u00f3sitos. Los usuarios encontrar\u00e1n informaci\u00f3n determinada con respecto a los intereses leg\u00edtimos que promueve el propietario en las secciones correspondientes de este documento o bien poni\u00e9ndose en contacto con el propietario.<\/li>\n<\/ul>\n<p>El propietario estar\u00e1 autorizado a conservar datos personales durante un periodo de tiempo m\u00e1s largo, siempre y cuando el usuario d\u00e9 su consentimiento para el tratamiento de dichos datos y no lo retire. Por otra parte, el propietario puede estar obligado a conservar datos personales durante un periodo de tiempo m\u00e1s largo si as\u00ed lo exigen las obligaciones legales o una orden de una autoridad competente.<\/p>\n<p>Cuando finalice el periodo de conservaci\u00f3n, se eliminar\u00e1n los datos personales. Por lo tanto, tras el vencimiento del periodo de conservaci\u00f3n, no se podr\u00e1n ejercer los siguientes derechos: al acceso, a la eliminaci\u00f3n, a la rectificaci\u00f3n ni a la portabilidad de los datos.<\/p>\n<p><strong>Los derechos de los usuarios seg\u00fan el Reglamento General de Protecci\u00f3n de Datos (RGPD)<\/strong><br \/>\nLos usuarios pueden ejercer determinados derechos con respecto al tratamiento de datos que lleva a cabo el propietario.<br \/>\nConcretamente, y en la medida en que la ley lo permita, los usuarios tienen derecho a poner en pr\u00e1ctica lo siguiente:<\/p>\n<ul>\n<li><strong>Retirar su consentimiento en cualquier momento<\/strong><br \/>\nLos usuarios tienen derecho a retirar el consentimiento que anteriormente hayan dado para el tratamiento de sus datos personales.<\/li>\n<li><strong>Oponerse al tratamiento de sus datos<\/strong><br \/>\nLos usuarios tienen derecho a oponerse al tratamiento de sus datos si dicho tratamiento se lleva a cabo mediante una base legal distinta del consentimiento.<\/li>\n<li><strong>Acceder a sus datos<\/strong><br \/>\nLos usuarios tienen derecho a saber si sus datos los est\u00e1 tratando el propietario, a obtener acceso relacionado con determinados aspectos del tratamiento y a conseguir una copia de los datos que se est\u00e1n tratando.<\/li>\n<li><strong>Verificar y pedir rectificaciones<\/strong><br \/>\nLos usuarios tienen derecho a verificar la exactitud de sus datos y a pedir que se actualicen o corrijan.<\/li>\n<li><strong>Limitar el tratamiento de sus datos<\/strong><br \/>\nLos usuarios tienen derecho a limitar el tratamiento de sus datos. En este caso, el propietario no tratar\u00e1 dichos datos para ning\u00fan otro prop\u00f3sito que no sea el de guardarlos.<\/li>\n<li><strong>Solicitar que se eliminen\/borren sus datos personales<br \/>\n<\/strong>Los usuarios tienen derecho a pedir la eliminaci\u00f3n de sus datos al propietario.<\/li>\n<li><strong>Obtener sus datos y transferirlos a otro responsable de tratamiento de datos<br \/>\n<\/strong>Los usuarios tienen derecho a obtener sus datos en un formato estructurado, habitual y legible por una m\u00e1quina y, siempre que sea t\u00e9cnicamente viable, a remitirlos a otro responsable de tratamiento de datos sin impedimento alguno.<\/li>\n<li><strong>Interponer una reclamaci\u00f3n<br \/>\n<\/strong>Los usuarios tienen derecho a interponer una reclamaci\u00f3n ante la autoridad competente de protecci\u00f3n de datos local.<\/li>\n<\/ul>\n<p>Los usuarios tienen derecho a conocer la base legal para las transferencias de datos personales al extranjero, que incluye a cualquier organizaci\u00f3n internacional que se rija por el derecho internacional p\u00fablico o que creen dos o m\u00e1s pa\u00edses, como la ONU. Asimismo, tambi\u00e9n tienen derecho a saber las medidas de seguridad que adopta el propietario para proteger sus datos.<\/p>\n<p><strong>Aspectos sobre el derecho a oponerse al tratamiento de los datos<\/strong><br \/>\n<strong>En el caso de que los datos personales se traten en beneficio del inter\u00e9s p\u00fablico, en el ejercicio de la autoridad p\u00fablica conferida al propietario o por motivos relacionados con los intereses leg\u00edtimos que promueve el propietario, los usuarios podr\u00e1n oponerse al tratamiento de sus datos personales mediante la presentaci\u00f3n de un tipo de argumento relacionado con la situaci\u00f3n particular del solicitante que justifique su oposici\u00f3n.<\/strong><\/p>\n<p><strong>No obstante, los usuarios deben tener en cuenta que si sus datos personales se tratan con fines de mercadotecnia directa, podr\u00e1n oponerse a dicho tratamiento en cualquier momento, sin cargo alguno y sin justificaci\u00f3n alguna. En el caso de que el usuario se oponga al tratamiento con fines de mercadotecnia directa, los datos personales dejar\u00e1n de tratarse para tales fines. Los usuarios pueden dirigirse a las secciones correspondientes de este documento para obtener m\u00e1s informaci\u00f3n sobre si el propietario trata sus datos personales con fines de mercadotecnia directa.<\/strong><\/p>\n<p><strong>C\u00f3mo ejercer estos derechos<\/strong><br \/>\nLas solicitudes para ejercer los derechos del usuario pueden enviarse al propietario a trav\u00e9s de los datos de contacto que se facilitan en este documento. Dichas solicitudes ser\u00e1n sin cargo alguno. El propietario responder\u00e1 a la mayor brevedad posible y siempre dentro del plazo de un mes; proporcionar\u00e1 a los usuarios la informaci\u00f3n que exige la ley. El propietario comunicar\u00e1 toda rectificaci\u00f3n o eliminaci\u00f3n de datos personales, o bien toda restricci\u00f3n del tratamiento a cada uno de los destinatarios, y en el caso de que sucediera, a quienes se les hayan divulgado los datos personales, a menos que este proceso resulte imposible o suponga una labor desproporcionada. Bajo solicitud de los usuarios, el propietario les informar\u00e1 acerca de dichos destinatarios.<\/p>\n<h4><strong><br \/>\nInformaci\u00f3n adicional sobre la recogida y el tratamiento de los datos<\/strong><\/h4>\n<p><strong>Acciones legales<\/strong><br \/>\nEl propietario puede usar los datos personales del usuario a efectos legales ante un tribunal o en fases previas a una posible actuaci\u00f3n judicial como resultado de un uso indebido de esta aplicaci\u00f3n o de los servicios relacionados.<br \/>\nEl usuario declara conocer que el propietario puede estar obligado a divulgar datos personales bajo solicitud de las autoridades p\u00fablicas.<\/p>\n<p><strong>Informaci\u00f3n adicional sobre los datos personales del usuario<\/strong><br \/>\nAdem\u00e1s de la informaci\u00f3n que contiene esta pol\u00edtica de privacidad, esta aplicaci\u00f3n puede proporcionar al usuario datos adicionales y contextuales con respecto a servicios determinados o a la recogida y al tratamiento de datos personales bajo solicitud.<\/p>\n<p><strong>Registros del sistema y mantenimiento<\/strong><br \/>\nPor cuestiones de operatividad y mantenimiento, esta aplicaci\u00f3n y otros servicios de terceros pueden recoger archivos que registran interacciones con esta aplicaci\u00f3n (registros del sistema) o usar datos personales (como direcciones IP) para este prop\u00f3sito.<\/p>\n<p><strong>Informaci\u00f3n no incluida en esta pol\u00edtica<\/strong><br \/>\nPuede solicitarle al propietario en cualquier momento m\u00e1s detalles relacionados con la recogida o el tratamiento de los datos personales. Consulte los datos de contacto que aparecen al principio del documento.<\/p>\n<p><strong>Cambios en esta pol\u00edtica de privacidad<\/strong><br \/>\nEl propietario se reserva el derecho de cambiar esta pol\u00edtica de privacidad en cualquier momento mediante la notificaci\u00f3n a sus usuarios en esta p\u00e1gina y, posiblemente, en esta aplicaci\u00f3n o \u2014siempre que sea t\u00e9cnica y legalmente viable\u2014 mediante un aviso a los usuarios a trav\u00e9s de los datos de contacto que tenga el propietario. Se recomienda consultar con regularidad esta p\u00e1gina y dirigirse a la fecha de la \u00faltima modificaci\u00f3n, que aparece en la parte inferior.<\/p>\n<p>Si los cambios afectan a las actividades de tratamiento llevadas a cabo partiendo de la base del consentimiento del usuario, el propietario tendr\u00e1 que obtener un consentimiento nuevo del usuario donde se requiera.<\/p>\n<h4><strong><br \/>\nDefiniciones y referencias jur\u00eddicas<\/strong><\/h4>\n<p><strong>Datos personales (o \u00abdatos\u00bb)<\/strong><br \/>\nToda informaci\u00f3n directa o indirecta (o que est\u00e1 relacionada con otros datos, como un n\u00famero de identificaci\u00f3n personal) que permite la identificaci\u00f3n de una persona f\u00edsica.<\/p>\n<p><strong>Datos de uso<\/strong><br \/>\nInformaci\u00f3n recogida de manera autom\u00e1tica mediante esta aplicaci\u00f3n (o mediante servicios de terceros que emplea esta aplicaci\u00f3n) que puede incluir: direcciones IP o nombres de dominios de ordenadores que usen los usuarios que utilizan esta aplicaci\u00f3n; los URI (identificador de recursos uniforme) de direcciones; el tiempo de solicitud; el m\u00e9todo usado para enviar la solicitud al servidor; el tama\u00f1o del archivo recibido en la respuesta; el c\u00f3digo num\u00e9rico que indica el estado de respuesta del servidor (resultado positivo, error, etc.); el pa\u00eds de origen; la funciones del navegador; el sistema operativo que utiliza el usuario; varios datos horarios por visita (p. ej., el tiempo que se pasa en cada p\u00e1gina dentro de la aplicaci\u00f3n); detalles sobre las rutas seguidas dentro de la aplicaci\u00f3n, con referencia especial a la secuencia de las p\u00e1ginas visitadas; y otros par\u00e1metros acerca del sistema operativo del dispositivo o del entorno inform\u00e1tico del usuario.<\/p>\n<p><strong>Usuario<\/strong><br \/>\nEs aquel particular que usa esta aplicaci\u00f3n y que, a menos que se indique lo contrario, coincide con el interesado.<\/p>\n<p><strong>Interesado<\/strong><br \/>\nEs la persona f\u00edsica a la que hacen referencia los datos personales.<\/p>\n<p><strong>Encargado del tratamiento de datos (o \u00abprocesador\u00bb)<\/strong><br \/>\nPersona f\u00edsica o jur\u00eddica, autoridad p\u00fablica, agencia u otra entidad que lleva a cabo el tratamiento de los datos personales en nombre del responsable de dicho tratamiento, tal y como se describe en esta pol\u00edtica de privacidad.<\/p>\n<p><strong>Responsable del tratamiento de datos (o \u00abpropietario\u00bb)<\/strong><br \/>\nPersona f\u00edsica o jur\u00eddica, autoridad p\u00fablica, agencia u otra entidad que, de forma independiente o colectiva con otras personas\/entidades, determina los prop\u00f3sitos y los medios del tratamiento de datos personales, que incluyen las medidas de seguridad con respecto al funcionamiento y uso de esta aplicaci\u00f3n. El responsable, a menos que se especifique lo contrario, es el propietario de esta aplicaci\u00f3n.<\/p>\n<p><strong>Esta aplicaci\u00f3n<\/strong><br \/>\nEl medio por el cual se recogen y se tratan los datos personales del usuario.<\/p>\n<p><strong>Servicio<\/strong><br \/>\nEl servicio que proporciona esta aplicaci\u00f3n, tal y como se describe en las condiciones pertinentes (si est\u00e1n disponibles) y en este sitio web\/en esta aplicaci\u00f3n.<\/p>\n<p><strong>Uni\u00f3n Europea (UE)<\/strong><br \/>\nA menos que se especifique lo contrario, todas las referencias que se hacen en este documento a la Uni\u00f3n Europea incluyen a todos los Estados miembros de la Uni\u00f3n Europea y del Espacio Econ\u00f3mico Europeo.<\/p>\n<p><strong>Informaci\u00f3n legal<\/strong><br \/>\nEsta pol\u00edtica de privacidad es exclusivamente para esta aplicaci\u00f3n, a menos que se determine de otra manera en este documento.[\/vc_column_text][\/vc_column][\/vc_row][vc_row css_animation=&#8221;&#8221; row_type=&#8221;row&#8221; use_row_as_full_screen_section=&#8221;no&#8221; type=&#8221;full_width&#8221; angled_section=&#8221;no&#8221; text_align=&#8221;left&#8221; background_image_as_pattern=&#8221;without_pattern&#8221;][vc_column][vc_separator type=&#8221;normal&#8221; transparency=&#8221;0&#8243; thickness=&#8221;0&#8243; up=&#8221;150&#8243;][\/vc_column][\/vc_row]<\/p>\n<\/div>","protected":false},"excerpt":{"rendered":"<p>[vc_row css_animation=&#8221;&#8221; row_type=&#8221;row&#8221; use_row_as_full_screen_section=&#8221;no&#8221; type=&#8221;full_width&#8221; angled_section=&#8221;no&#8221; text_align=&#8221;left&#8221; background_image_as_pattern=&#8221;without_pattern&#8221;][vc_column][vc_separator type=&#8221;normal&#8221; transparency=&#8221;0&#8243; thickness=&#8221;0&#8243; up=&#8221;100&#8243; el_class=&#8221;spacing-100&#8243;][\/vc_column][\/vc_row][vc_row css_animation=&#8221;&#8221; row_type=&#8221;row&#8221; use_row_as_full_screen_section=&#8221;no&#8221; type=&#8221;grid&#8221; angled_section=&#8221;no&#8221; text_align=&#8221;left&#8221; background_image_as_pattern=&#8221;without_pattern&#8221; z_index=&#8221;&#8221;][vc_column offset=&#8221;vc_hidden-sm vc_hidden-xs&#8221;][vc_column_text css=&#8221;&#8221; el_class=&#8221;page-intro&#8221;]Pol\u00edtica de privacidad de JapanIntercultural.com Para&#8230;<\/p>\n","protected":false},"author":77,"featured_media":0,"parent":0,"menu_order":0,"comment_status":"closed","ping_status":"closed","template":"full_width.php","meta":{"footnotes":""},"class_list":["post-13522","page","type-page","status-publish","hentry"],"publishpress_future_action":{"enabled":false,"date":"2026-04-27 20:17:51","action":"change-status","newStatus":"draft","terms":[],"taxonomy":"translation_priority","extraData":[]},"publishpress_future_workflow_manual_trigger":{"enabledWorkflows":[]},"_links":{"self":[{"href":"https:\/\/japanintercultural.com\/es\/wp-json\/wp\/v2\/pages\/13522","targetHints":{"allow":["GET"]}}],"collection":[{"href":"https:\/\/japanintercultural.com\/es\/wp-json\/wp\/v2\/pages"}],"about":[{"href":"https:\/\/japanintercultural.com\/es\/wp-json\/wp\/v2\/types\/page"}],"author":[{"embeddable":true,"href":"https:\/\/japanintercultural.com\/es\/wp-json\/wp\/v2\/users\/77"}],"replies":[{"embeddable":true,"href":"https:\/\/japanintercultural.com\/es\/wp-json\/wp\/v2\/comments?post=13522"}],"version-history":[{"count":6,"href":"https:\/\/japanintercultural.com\/es\/wp-json\/wp\/v2\/pages\/13522\/revisions"}],"predecessor-version":[{"id":13530,"href":"https:\/\/japanintercultural.com\/es\/wp-json\/wp\/v2\/pages\/13522\/revisions\/13530"}],"wp:attachment":[{"href":"https:\/\/japanintercultural.com\/es\/wp-json\/wp\/v2\/media?parent=13522"}],"curies":[{"name":"wp","href":"https:\/\/api.w.org\/{rel}","templated":true}]}}