{"id":6599,"date":"2020-06-17T16:27:59","date_gmt":"2020-06-17T07:27:59","guid":{"rendered":"https:\/\/japanintercultural.com\/?page_id=6599"},"modified":"2020-06-21T21:19:38","modified_gmt":"2020-06-21T12:19:38","slug":"america-latina","status":"publish","type":"page","link":"https:\/\/japanintercultural.com\/es\/america-latina\/","title":{"rendered":"Am\u00e9rica Latina"},"content":{"rendered":"<div class=\"wpb-content-wrapper\"><p>[vc_row css_animation=&#8221;&#8221; row_type=&#8221;row&#8221; use_row_as_full_screen_section=&#8221;no&#8221; type=&#8221;full_width&#8221; angled_section=&#8221;no&#8221; text_align=&#8221;left&#8221; background_image_as_pattern=&#8221;without_pattern&#8221;][vc_column][vc_separator type=&#8221;normal&#8221; el_class=&#8221;spacing-100&#8243; thickness=&#8221;0&#8243; up=&#8221;100&#8243; transparency=&#8221;0&#8243;][\/vc_column][\/vc_row][vc_row css_animation=&#8221;&#8221; row_type=&#8221;row&#8221; use_row_as_full_screen_section=&#8221;no&#8221; type=&#8221;grid&#8221; angled_section=&#8221;no&#8221; text_align=&#8221;left&#8221; background_image_as_pattern=&#8221;without_pattern&#8221; z_index=&#8221;&#8221;][vc_column width=&#8221;1\/3&#8243; offset=&#8221;vc_hidden-sm vc_hidden-xs&#8221;][vc_widget_sidebar sidebar_id=&#8221;Impactful Service&#8221; el_class=&#8221;widget-sub-nav&#8221;][\/vc_column][vc_column width=&#8221;2\/3&#8243;][vc_column_text el_class=&#8221;page-intro&#8221;]Japan International Consulting es una empresa internacional de capacitaci\u00f3n y consultor\u00eda enfocada a los negocios japoneses. Ayudamos a nuestros clientes a mejorar las relaciones laborales en entornos multiculturales. Brindamos servicios de capacitaci\u00f3n, teambuilding (integraci\u00f3n y fortalecimiento de equipos) y coaching (entrenamiento) para ejecutivos. Al trabajar con nosotros, nuestros clientes reciben una mejor preparaci\u00f3n que les permite alcanzar las metas de sus negocios.[\/vc_column_text][vc_column_text]Somos expertos en comunicaciones interculturales y pr\u00e1cticas en negocios japoneses. Nuestros clientes conf\u00edan en nosotros ya que les ofrecemos programas relevantes y de alto impacto. El equipo de Consultor\u00eda Intercultural de Jap\u00f3n cuenta con consultores biling\u00fces expertos ubicados en toda Norteam\u00e9rica, Am\u00e9rica Latina, Jap\u00f3n, Europa, y M\u00e9xico est\u00e1 listo para tratar con sus necesidades de capacitaci\u00f3n.<\/p>\n<p>El enfoque geogr\u00e1fico de la Sucursal de Am\u00e9rica Latina comprende las regiones de los EU adyacentes a la frontera con M\u00e9xico y M\u00e9xico en si, Argentina y Brasil. Trabajamos principalmente con compa\u00f1\u00edas y firmas que tienen consumidores o socios japoneses. A continuaci\u00f3n presentamos una descripci\u00f3n de nuestra propuesta de trabajo con cada uno de estos grupos.[\/vc_column_text][vc_separator type=&#8221;normal&#8221; thickness=&#8221;0&#8243; up=&#8221;50&#8243; transparency=&#8221;0&#8243;][vc_column_text el_class=&#8221;page-intro&#8221;]Empresas Japonesas[\/vc_column_text][vc_column_text]Japan International Consulting posee una amplia experiencia de trabajo con empresas multinacionales japonesas. Comprendemos la cultura corporativa japonesa lo que nos permite sugerir propuestas apropiadas para el entorno de su empresa. Nuestros programas se ajustan como trajes a la medida para conocer las necesidades tanto de los trabajadores y gerentes japoneses expatriados como contratados localmente.<\/p>\n<p>Las operaciones de una empresa japonesa en Am\u00e9rica Latina son un punto de encuentro de diferentes culturas y estilos de trabajo. El reto de una organizaci\u00f3n es combinar h\u00e1bilmente los componentes de mayor efectividad de cada cultura y estilo de direcci\u00f3n. La coordinaci\u00f3n e integraci\u00f3n de la organizaci\u00f3n hermana, as\u00ed como la flexibilidad y responsabilidad de las condiciones y oportunidades de los negocios locales necesitan de comunicaci\u00f3n, entendimiento y respeto mutuo. Nuestros programas de capacitaci\u00f3n y servicios de consultor\u00eda proporcionan las herramientas para enlazar las brechas culturales y optimizar el desempe\u00f1o.[\/vc_column_text][vc_separator type=&#8221;normal&#8221; thickness=&#8221;0&#8243; up=&#8221;50&#8243; transparency=&#8221;0&#8243;][vc_column_text el_class=&#8221;page-intro&#8221;]Proveedores y socios de las empresas japonesas[\/vc_column_text][vc_column_text]Gracias a nuestro profundo entendimiento de las caracter\u00edsticas \u00fanicas de las pr\u00e1cticas de negocios de las empresas japonesas, podemos ayudar a las empresas latinoamericanas en el mejoramiento de sus habilidades para trabajar efectivamente con los consumidores y socios japoneses. Estos clientes aprecian particularmente nuestros seminarios interculturales, los cuales ayudan a desarrollar estrategias para optimizar las comunicaciones y relaciones. Adem\u00e1s, asistimos a las empresas en la confecci\u00f3n de sus propuestas mercadot\u00e9cnicas cuando tienen en la mira a consumidores japoneses.<\/p>\n<p>Las siguientes p\u00e1ginas presentan nuestras ofertas de servicios en Am\u00e9rica Latina.[\/vc_column_text][vc_separator type=&#8221;normal&#8221; thickness=&#8221;0&#8243; up=&#8221;50&#8243; transparency=&#8221;0&#8243;][vc_row_inner row_type=&#8221;row&#8221; type=&#8221;full_width&#8221; text_align=&#8221;center&#8221; css_animation=&#8221;element_from_bottom&#8221; el_class=&#8221;text-over-img-links&#8221;][vc_column_inner width=&#8221;1\/2&#8243; css=&#8221;.vc_custom_1590022463483{padding-top: 15px !important;padding-bottom: 15px !important;}&#8221;]<div class=\"q_image_with_text_over q_iwto_hover\"><div class=\"shader\" style=\"background-color: rgba(0,0,0,0.4)\"><\/div><div class=\"shader_hover\" style=\"background-color: rgba(0,0,0,0.25)\"><\/div><img decoding=\"async\" itemprop=\"image\" src=\"https:\/\/japanintercultural.com\/wpdata\/wp-content\/uploads\/2020\/06\/jic-img-16.jpg\" alt=\"\" \/><div class=\"text\"><table><tr><td><h3 class=\"caption no_icon\" style=\"color: #ffffff;font-size: 20px;\">Capacitaci\u00f3n Intercultural para Mexicanos<\/h3><\/td><\/tr><\/table><table><tr><td><div class=\"desc\"><a class=\"qbutton large default\" style=\"margin-bottom: 40px;\" href=\"\/es\/america-latina\/capacitacion-intercultural-para-mexicanos\/\" target=\"_self\" rel=\"noopener noreferrer\">Learn more<\/a><\/div><\/td><\/tr><\/table><\/div><\/div>[\/vc_column_inner][vc_column_inner width=&#8221;1\/2&#8243; css=&#8221;.vc_custom_1590022470481{padding-top: 15px !important;padding-bottom: 15px !important;}&#8221;]<div class=\"q_image_with_text_over q_iwto_hover\"><div class=\"shader\" style=\"background-color: rgba(0,0,0,0.4)\"><\/div><div class=\"shader_hover\" style=\"background-color: rgba(0,0,0,0.25)\"><\/div><img decoding=\"async\" itemprop=\"image\" src=\"https:\/\/japanintercultural.com\/wpdata\/wp-content\/uploads\/2020\/05\/services-img-4.jpg\" alt=\"\" \/><div class=\"text\"><table><tr><td><h3 class=\"caption no_icon\" style=\"color: #ffffff;font-size: 20px;\">Capacitaci\u00f3n Intercultural para Japoneses<\/h3><\/td><\/tr><\/table><table><tr><td><div class=\"desc\"><a class=\"qbutton large default\" style=\"margin-bottom: 40px;\" href=\"\/es\/america-latina\/capacitacion-intercultural-para-japoneses\/\" target=\"_self\" rel=\"noopener noreferrer\">Learn more<\/a><\/div><\/td><\/tr><\/table><\/div><\/div>[\/vc_column_inner][\/vc_row_inner][vc_row_inner row_type=&#8221;row&#8221; type=&#8221;full_width&#8221; text_align=&#8221;center&#8221; css_animation=&#8221;element_from_bottom&#8221; el_class=&#8221;text-over-img-links&#8221;][vc_column_inner width=&#8221;1\/2&#8243; css=&#8221;.vc_custom_1587878207596{padding-top: 15px !important;padding-bottom: 15px !important;}&#8221;]<div class=\"q_image_with_text_over q_iwto_hover\"><div class=\"shader\" style=\"background-color: rgba(0,0,0,0.4)\"><\/div><div class=\"shader_hover\" style=\"background-color: rgba(0,0,0,0.25)\"><\/div><img decoding=\"async\" itemprop=\"image\" src=\"https:\/\/japanintercultural.com\/wpdata\/wp-content\/uploads\/2020\/05\/services-img-2.jpg\" alt=\"\" \/><div class=\"text\"><table><tr><td><h3 class=\"caption no_icon\" style=\"color: #ffffff;font-size: 20px;\">Teambuilding<\/h3><\/td><\/tr><\/table><table><tr><td><div class=\"desc\"><a class=\"qbutton large default\" style=\"margin-bottom: 40px;\" href=\"\/es\/america-latina\/teambuilding\/\" target=\"_self\" rel=\"noopener noreferrer\">Learn more<\/a><\/div><\/td><\/tr><\/table><\/div><\/div>[\/vc_column_inner][vc_column_inner width=&#8221;1\/2&#8243; css=&#8221;.vc_custom_1587878211331{padding-top: 15px !important;padding-bottom: 15px !important;}&#8221;]<div class=\"q_image_with_text_over q_iwto_hover\"><div class=\"shader\" style=\"background-color: rgba(0,0,0,0.4)\"><\/div><div class=\"shader_hover\" style=\"background-color: rgba(0,0,0,0.25)\"><\/div><img decoding=\"async\" itemprop=\"image\" src=\"https:\/\/japanintercultural.com\/wpdata\/wp-content\/uploads\/2020\/06\/jic-img-62-3.jpg\" alt=\"\" \/><div class=\"text\"><table><tr><td><h3 class=\"caption no_icon\" style=\"color: #ffffff;font-size: 20px;\">Coaching<\/h3><\/td><\/tr><\/table><table><tr><td><div class=\"desc\"><a class=\"qbutton large default\" style=\"margin-bottom: 40px;\" href=\"\/es\/america-latina\/coaching\/\" target=\"_self\" rel=\"noopener noreferrer\">Learn more<\/a><\/div><\/td><\/tr><\/table><\/div><\/div>[\/vc_column_inner][\/vc_row_inner][vc_row_inner row_type=&#8221;row&#8221; type=&#8221;full_width&#8221; text_align=&#8221;left&#8221; css_animation=&#8221;&#8221; el_class=&#8221;widget-sub-nav-mob-row&#8221;][vc_column_inner offset=&#8221;vc_hidden-lg vc_hidden-md&#8221;][vc_widget_sidebar sidebar_id=&#8221;Impactful Service&#8221; el_class=&#8221;widget-sub-nav-mob&#8221;][\/vc_column_inner][\/vc_row_inner][\/vc_column][\/vc_row][vc_row css_animation=&#8221;&#8221; row_type=&#8221;row&#8221; use_row_as_full_screen_section=&#8221;no&#8221; type=&#8221;full_width&#8221; angled_section=&#8221;no&#8221; text_align=&#8221;left&#8221; background_image_as_pattern=&#8221;without_pattern&#8221;][vc_column][vc_separator type=&#8221;normal&#8221; el_class=&#8221;spacing-100&#8243; thickness=&#8221;0&#8243; up=&#8221;100&#8243; transparency=&#8221;0&#8243;][\/vc_column][\/vc_row]<\/p>\n<\/div>","protected":false},"excerpt":{"rendered":"<p>[vc_row css_animation=&#8221;&#8221; row_type=&#8221;row&#8221; use_row_as_full_screen_section=&#8221;no&#8221; type=&#8221;full_width&#8221; angled_section=&#8221;no&#8221; text_align=&#8221;left&#8221; background_image_as_pattern=&#8221;without_pattern&#8221;][vc_column][vc_separator type=&#8221;normal&#8221; el_class=&#8221;spacing-100&#8243; thickness=&#8221;0&#8243; up=&#8221;100&#8243; transparency=&#8221;0&#8243;][\/vc_column][\/vc_row][vc_row css_animation=&#8221;&#8221; row_type=&#8221;row&#8221; use_row_as_full_screen_section=&#8221;no&#8221; type=&#8221;grid&#8221; angled_section=&#8221;no&#8221; text_align=&#8221;left&#8221; background_image_as_pattern=&#8221;without_pattern&#8221; z_index=&#8221;&#8221;][vc_column width=&#8221;1\/3&#8243; offset=&#8221;vc_hidden-sm vc_hidden-xs&#8221;][vc_widget_sidebar sidebar_id=&#8221;Impactful Service&#8221; el_class=&#8221;widget-sub-nav&#8221;][\/vc_column][vc_column width=&#8221;2\/3&#8243;][vc_column_text el_class=&#8221;page-intro&#8221;]Japan International&#8230;<\/p>\n","protected":false},"author":2,"featured_media":0,"parent":0,"menu_order":0,"comment_status":"closed","ping_status":"closed","template":"full_width.php","meta":{"footnotes":""},"class_list":["post-6599","page","type-page","status-publish","hentry"],"publishpress_future_action":{"enabled":false,"date":"2026-05-05 23:37:04","action":"change-status","newStatus":"draft","terms":[],"taxonomy":"translation_priority","extraData":[]},"publishpress_future_workflow_manual_trigger":{"enabledWorkflows":[]},"_links":{"self":[{"href":"https:\/\/japanintercultural.com\/es\/wp-json\/wp\/v2\/pages\/6599","targetHints":{"allow":["GET"]}}],"collection":[{"href":"https:\/\/japanintercultural.com\/es\/wp-json\/wp\/v2\/pages"}],"about":[{"href":"https:\/\/japanintercultural.com\/es\/wp-json\/wp\/v2\/types\/page"}],"author":[{"embeddable":true,"href":"https:\/\/japanintercultural.com\/es\/wp-json\/wp\/v2\/users\/2"}],"replies":[{"embeddable":true,"href":"https:\/\/japanintercultural.com\/es\/wp-json\/wp\/v2\/comments?post=6599"}],"version-history":[{"count":9,"href":"https:\/\/japanintercultural.com\/es\/wp-json\/wp\/v2\/pages\/6599\/revisions"}],"predecessor-version":[{"id":7515,"href":"https:\/\/japanintercultural.com\/es\/wp-json\/wp\/v2\/pages\/6599\/revisions\/7515"}],"wp:attachment":[{"href":"https:\/\/japanintercultural.com\/es\/wp-json\/wp\/v2\/media?parent=6599"}],"curies":[{"name":"wp","href":"https:\/\/api.w.org\/{rel}","templated":true}]}}