{"id":6604,"date":"2020-06-17T16:31:12","date_gmt":"2020-06-17T07:31:12","guid":{"rendered":"https:\/\/japanintercultural.com\/?page_id=6604"},"modified":"2020-06-19T14:04:19","modified_gmt":"2020-06-19T05:04:19","slug":"capacitacion-intercultural-para-mexicanos","status":"publish","type":"page","link":"https:\/\/japanintercultural.com\/es\/america-latina\/capacitacion-intercultural-para-mexicanos\/","title":{"rendered":"Capacitaci\u00f3n Intercultural para Mexicanos"},"content":{"rendered":"<div class=\"wpb-content-wrapper\"><p>[vc_row css_animation=&#8221;&#8221; row_type=&#8221;row&#8221; use_row_as_full_screen_section=&#8221;no&#8221; type=&#8221;full_width&#8221; angled_section=&#8221;no&#8221; text_align=&#8221;left&#8221; background_image_as_pattern=&#8221;without_pattern&#8221;][vc_column][vc_separator type=&#8221;normal&#8221; el_class=&#8221;spacing-100&#8243; thickness=&#8221;0&#8243; up=&#8221;100&#8243; transparency=&#8221;0&#8243;][\/vc_column][\/vc_row][vc_row css_animation=&#8221;&#8221; row_type=&#8221;row&#8221; use_row_as_full_screen_section=&#8221;no&#8221; type=&#8221;grid&#8221; angled_section=&#8221;no&#8221; text_align=&#8221;left&#8221; background_image_as_pattern=&#8221;without_pattern&#8221; z_index=&#8221;&#8221;][vc_column width=&#8221;1\/3&#8243; offset=&#8221;vc_hidden-sm vc_hidden-xs&#8221;][vc_widget_sidebar sidebar_id=&#8221;Impactful Service&#8221; el_class=&#8221;widget-sub-nav&#8221;][\/vc_column][vc_column width=&#8221;2\/3&#8243;][vc_column_text el_class=&#8221;page-intro&#8221;]Capacitaci\u00f3n Intercultural para Mexicanos[\/vc_column_text][vc_column_text]Nuestros seminarios de capacitaci\u00f3n intercultural para mexicanos van m\u00e1s all\u00e1 de una tarjeta de presentaci\u00f3n y el uso de palillos, ya que brindan visiones sustanciales que afectar\u00e1n sus negocios. Nuestras sesiones interactivas utilizan grupos de discusi\u00f3n, estudio de casos y ejemplos reales proporcionados por la experiencia propia en negocios del facilitador que permiten llevar un ritmo r\u00e1pido y estimulante. Nuestro formato \u00fanico de \u201cauto-personalizaci\u00f3n\u201d asegura que cada sesi\u00f3n se confeccione a las necesidades espec\u00edficas de los participantes. Nuestros seminarios ayudan a los participantes a comprender mejor la mentalidad cultural de sus colegas, y desarrollar estrategias pr\u00e1cticas para alcanzar las metas del negocio juntos.[\/vc_column_text][vc_separator type=&#8221;normal&#8221; thickness=&#8221;0&#8243; up=&#8221;50&#8243; transparency=&#8221;0&#8243;][vc_column_text el_class=&#8221;page-intro&#8221;]Trabajando Efectivamente con Colegas Japoneses[\/vc_column_text][vc_column_text]La cultura de negocios mexicana es \u00fanica y no siempre bien comprendida por los japoneses, a\u00fan as\u00ed, es importante familiarizarse con ella para poder triunfar cuando se labora con mexicanos. Recientemente, muchos de nuestros clientes han ampliado sus operaciones en M\u00e9xico, lo que requiere tener un equipo de trabajo en EU y Canad\u00e1, que interact\u00fae estrechamente con los colegas en M\u00e9xico, y que adem\u00e1s, encamine a los japoneses para que sean asignados a laborar en M\u00e9xico. Este curso ofrece una visi\u00f3n dentro de la cultura mexicana que resulta esencial para establecer relaciones laborales productivas. Como parte de este curso, comparamos y diferenciamos la cultura mexicana con la norteamericana.[\/vc_column_text][vc_separator type=&#8221;normal&#8221; thickness=&#8221;0&#8243; up=&#8221;50&#8243; transparency=&#8221;0&#8243;][vc_column_text el_class=&#8221;page-intro&#8221;]Trabajando Efectivamente con Colegas Norteamericanos[\/vc_column_text][vc_column_text]A menudo, la gente de negocios mexicana interact\u00faa con consumidores, colegas, y proveedores en los Estados Unidos. Para que dichas interacciones sean exitosas, es importante entender los antecedentes culturales de los norteamericanos, lo que influye en sus expectativas y comportamientos dentro de los negocios. Se presentan t\u00e9cnicas espec\u00edficas para hacer relaciones de confianza con norteamericanos. \u00c1reas que t\u00edpicamente representan un desaf\u00edo como las reuniones, correspondencia v\u00eda e-mail, conferencias telef\u00f3nicas y programaci\u00f3n de calendarios se discuten tambi\u00e9n.[\/vc_column_text][vc_row_inner row_type=&#8221;row&#8221; type=&#8221;full_width&#8221; text_align=&#8221;left&#8221; css_animation=&#8221;&#8221; css=&#8221;.vc_custom_1590024512158{margin-top: 50px !important;margin-bottom: 50px !important;}&#8221;][vc_column_inner][vc_single_image image=&#8221;4454&#8243; img_size=&#8221;full&#8221; alignment=&#8221;center&#8221; qode_css_animation=&#8221;&#8221;][\/vc_column_inner][\/vc_row_inner][vc_row_inner row_type=&#8221;row&#8221; type=&#8221;full_width&#8221; text_align=&#8221;left&#8221; css_animation=&#8221;&#8221; el_class=&#8221;widget-sub-nav-mob-row&#8221;][vc_column_inner offset=&#8221;vc_hidden-lg vc_hidden-md&#8221;][vc_widget_sidebar sidebar_id=&#8221;Impactful Service&#8221; el_class=&#8221;widget-sub-nav-mob&#8221;][\/vc_column_inner][\/vc_row_inner][\/vc_column][\/vc_row][vc_row css_animation=&#8221;&#8221; row_type=&#8221;row&#8221; use_row_as_full_screen_section=&#8221;no&#8221; type=&#8221;full_width&#8221; angled_section=&#8221;no&#8221; text_align=&#8221;left&#8221; background_image_as_pattern=&#8221;without_pattern&#8221;][vc_column][vc_separator type=&#8221;normal&#8221; el_class=&#8221;spacing-100&#8243; thickness=&#8221;0&#8243; up=&#8221;100&#8243; transparency=&#8221;0&#8243;][\/vc_column][\/vc_row]<\/p>\n<\/div>","protected":false},"excerpt":{"rendered":"<p>[vc_row css_animation=&#8221;&#8221; row_type=&#8221;row&#8221; use_row_as_full_screen_section=&#8221;no&#8221; type=&#8221;full_width&#8221; angled_section=&#8221;no&#8221; text_align=&#8221;left&#8221; background_image_as_pattern=&#8221;without_pattern&#8221;][vc_column][vc_separator type=&#8221;normal&#8221; el_class=&#8221;spacing-100&#8243; thickness=&#8221;0&#8243; up=&#8221;100&#8243; transparency=&#8221;0&#8243;][\/vc_column][\/vc_row][vc_row css_animation=&#8221;&#8221; row_type=&#8221;row&#8221; use_row_as_full_screen_section=&#8221;no&#8221; type=&#8221;grid&#8221; angled_section=&#8221;no&#8221; text_align=&#8221;left&#8221; background_image_as_pattern=&#8221;without_pattern&#8221; z_index=&#8221;&#8221;][vc_column width=&#8221;1\/3&#8243; offset=&#8221;vc_hidden-sm vc_hidden-xs&#8221;][vc_widget_sidebar sidebar_id=&#8221;Impactful Service&#8221; el_class=&#8221;widget-sub-nav&#8221;][\/vc_column][vc_column width=&#8221;2\/3&#8243;][vc_column_text el_class=&#8221;page-intro&#8221;]Capacitaci\u00f3n Intercultural&#8230;<\/p>\n","protected":false},"author":2,"featured_media":0,"parent":6599,"menu_order":0,"comment_status":"closed","ping_status":"closed","template":"full_width.php","meta":{"footnotes":""},"class_list":["post-6604","page","type-page","status-publish","hentry"],"publishpress_future_action":{"enabled":false,"date":"2026-04-25 19:17:17","action":"change-status","newStatus":"draft","terms":[],"taxonomy":"translation_priority","extraData":[]},"publishpress_future_workflow_manual_trigger":{"enabledWorkflows":[]},"_links":{"self":[{"href":"https:\/\/japanintercultural.com\/es\/wp-json\/wp\/v2\/pages\/6604","targetHints":{"allow":["GET"]}}],"collection":[{"href":"https:\/\/japanintercultural.com\/es\/wp-json\/wp\/v2\/pages"}],"about":[{"href":"https:\/\/japanintercultural.com\/es\/wp-json\/wp\/v2\/types\/page"}],"author":[{"embeddable":true,"href":"https:\/\/japanintercultural.com\/es\/wp-json\/wp\/v2\/users\/2"}],"replies":[{"embeddable":true,"href":"https:\/\/japanintercultural.com\/es\/wp-json\/wp\/v2\/comments?post=6604"}],"version-history":[{"count":6,"href":"https:\/\/japanintercultural.com\/es\/wp-json\/wp\/v2\/pages\/6604\/revisions"}],"predecessor-version":[{"id":6945,"href":"https:\/\/japanintercultural.com\/es\/wp-json\/wp\/v2\/pages\/6604\/revisions\/6945"}],"up":[{"embeddable":true,"href":"https:\/\/japanintercultural.com\/es\/wp-json\/wp\/v2\/pages\/6599"}],"wp:attachment":[{"href":"https:\/\/japanintercultural.com\/es\/wp-json\/wp\/v2\/media?parent=6604"}],"curies":[{"name":"wp","href":"https:\/\/api.w.org\/{rel}","templated":true}]}}