{"id":6610,"date":"2020-06-17T16:40:59","date_gmt":"2020-06-17T07:40:59","guid":{"rendered":"https:\/\/japanintercultural.com\/?page_id=6610"},"modified":"2020-06-19T13:45:21","modified_gmt":"2020-06-19T04:45:21","slug":"capacitacion-intercultural-para-japoneses","status":"publish","type":"page","link":"https:\/\/japanintercultural.com\/es\/america-latina\/capacitacion-intercultural-para-japoneses\/","title":{"rendered":"Capacitaci\u00f3n Intercultural para Japoneses"},"content":{"rendered":"<div class=\"wpb-content-wrapper\"><p>[vc_row css_animation=&#8221;&#8221; row_type=&#8221;row&#8221; use_row_as_full_screen_section=&#8221;no&#8221; type=&#8221;full_width&#8221; angled_section=&#8221;no&#8221; text_align=&#8221;left&#8221; background_image_as_pattern=&#8221;without_pattern&#8221;][vc_column][vc_separator type=&#8221;normal&#8221; el_class=&#8221;spacing-100&#8243; thickness=&#8221;0&#8243; up=&#8221;100&#8243; transparency=&#8221;0&#8243;][\/vc_column][\/vc_row][vc_row css_animation=&#8221;&#8221; row_type=&#8221;row&#8221; use_row_as_full_screen_section=&#8221;no&#8221; type=&#8221;grid&#8221; angled_section=&#8221;no&#8221; text_align=&#8221;left&#8221; background_image_as_pattern=&#8221;without_pattern&#8221; z_index=&#8221;&#8221;][vc_column width=&#8221;1\/3&#8243; offset=&#8221;vc_hidden-sm vc_hidden-xs&#8221;][vc_widget_sidebar sidebar_id=&#8221;Impactful Service&#8221; el_class=&#8221;widget-sub-nav&#8221;][\/vc_column][vc_column width=&#8221;2\/3&#8243;][vc_column_text el_class=&#8221;page-intro&#8221;]Capacitaci\u00f3n Intercultural para Japoneses[\/vc_column_text][vc_column_text]Las diferencias entre los estilos de trabajo y la cultura de negocios entre latinoamericanos y japoneses son muy significativas y puede representar un reto para aquellos japoneses que trabajan con latinoamericanos. Las compa\u00f1\u00edas pueden ayudar a los expatriados japoneses a incrementar su efectividad, proporcion\u00e1ndoles capacitaci\u00f3n que les permita comprender el entorno latinoamericano.<\/p>\n<p>Todos nuestros programas orientados a japoneses se presentan en japon\u00e9s con materiales de participaci\u00f3n biling\u00fce. Nuestras t\u00e9cnicas \u00fanicas de capacitaci\u00f3n, el resultado de un intenso desarrollo de trabajo durante la d\u00e9cada anterior, presentan informaci\u00f3n acerca de la cultura latinoamericana y las pr\u00e1cticas de negocios que resuenan en las audiencias japonesas.[\/vc_column_text][vc_separator type=&#8221;normal&#8221; thickness=&#8221;0&#8243; up=&#8221;50&#8243; transparency=&#8221;0&#8243;][vc_column_text el_class=&#8221;page-intro&#8221;]Trabajando Efectivamente con Colegas Latinoamericanos[\/vc_column_text][vc_column_text]La cultura de negocios latinoamericanos es \u00fanica y no siempre bien comprendida por los japoneses, a\u00fan as\u00ed, es importante familiarizarse con ellas para poder triunfar cuando se labora con latinoamericanos. Recientemente, muchos de nuestros clientes han ampliado sus operaciones en Am\u00e9rica Latina, lo que requiere tener un equipo de trabajo en EU y Canad\u00e1, que interact\u00fae estrechamente con los colegas en Am\u00e9rica Latina, y que adem\u00e1s, encamine a los japoneses para que sean asignados a laborar en Am\u00e9rica Latina. Este curso ofrece una visi\u00f3n dentro de la cultura latinoamericana que resulta esencial para establecer relaciones laborales productivas. Como parte de este curso, comparamos y contrastamos la cultura latinoamericana con la norteamericana.[\/vc_column_text][vc_row_inner row_type=&#8221;row&#8221; type=&#8221;full_width&#8221; text_align=&#8221;left&#8221; css_animation=&#8221;&#8221; css=&#8221;.vc_custom_1590024512158{margin-top: 50px !important;margin-bottom: 50px !important;}&#8221;][vc_column_inner][vc_single_image image=&#8221;4445&#8243; img_size=&#8221;full&#8221; alignment=&#8221;center&#8221; qode_css_animation=&#8221;&#8221;][\/vc_column_inner][\/vc_row_inner][vc_row_inner row_type=&#8221;row&#8221; type=&#8221;full_width&#8221; text_align=&#8221;left&#8221; css_animation=&#8221;&#8221; el_class=&#8221;widget-sub-nav-mob-row&#8221;][vc_column_inner offset=&#8221;vc_hidden-lg vc_hidden-md&#8221;][vc_widget_sidebar sidebar_id=&#8221;Impactful Service&#8221; el_class=&#8221;widget-sub-nav-mob&#8221;][\/vc_column_inner][\/vc_row_inner][\/vc_column][\/vc_row][vc_row css_animation=&#8221;&#8221; row_type=&#8221;row&#8221; use_row_as_full_screen_section=&#8221;no&#8221; type=&#8221;full_width&#8221; angled_section=&#8221;no&#8221; text_align=&#8221;left&#8221; background_image_as_pattern=&#8221;without_pattern&#8221;][vc_column][vc_separator type=&#8221;normal&#8221; el_class=&#8221;spacing-100&#8243; thickness=&#8221;0&#8243; up=&#8221;100&#8243; transparency=&#8221;0&#8243;][\/vc_column][\/vc_row]<\/p>\n<\/div>","protected":false},"excerpt":{"rendered":"<p>[vc_row css_animation=&#8221;&#8221; row_type=&#8221;row&#8221; use_row_as_full_screen_section=&#8221;no&#8221; type=&#8221;full_width&#8221; angled_section=&#8221;no&#8221; text_align=&#8221;left&#8221; background_image_as_pattern=&#8221;without_pattern&#8221;][vc_column][vc_separator type=&#8221;normal&#8221; el_class=&#8221;spacing-100&#8243; thickness=&#8221;0&#8243; up=&#8221;100&#8243; transparency=&#8221;0&#8243;][\/vc_column][\/vc_row][vc_row css_animation=&#8221;&#8221; row_type=&#8221;row&#8221; use_row_as_full_screen_section=&#8221;no&#8221; type=&#8221;grid&#8221; angled_section=&#8221;no&#8221; text_align=&#8221;left&#8221; background_image_as_pattern=&#8221;without_pattern&#8221; z_index=&#8221;&#8221;][vc_column width=&#8221;1\/3&#8243; offset=&#8221;vc_hidden-sm vc_hidden-xs&#8221;][vc_widget_sidebar sidebar_id=&#8221;Impactful Service&#8221; el_class=&#8221;widget-sub-nav&#8221;][\/vc_column][vc_column width=&#8221;2\/3&#8243;][vc_column_text el_class=&#8221;page-intro&#8221;]Capacitaci\u00f3n Intercultural&#8230;<\/p>\n","protected":false},"author":2,"featured_media":0,"parent":6599,"menu_order":0,"comment_status":"closed","ping_status":"closed","template":"full_width.php","meta":{"footnotes":""},"class_list":["post-6610","page","type-page","status-publish","hentry"],"publishpress_future_action":{"enabled":false,"date":"2026-04-30 19:17:33","action":"change-status","newStatus":"draft","terms":[],"taxonomy":"translation_priority","extraData":[]},"publishpress_future_workflow_manual_trigger":{"enabledWorkflows":[]},"_links":{"self":[{"href":"https:\/\/japanintercultural.com\/es\/wp-json\/wp\/v2\/pages\/6610","targetHints":{"allow":["GET"]}}],"collection":[{"href":"https:\/\/japanintercultural.com\/es\/wp-json\/wp\/v2\/pages"}],"about":[{"href":"https:\/\/japanintercultural.com\/es\/wp-json\/wp\/v2\/types\/page"}],"author":[{"embeddable":true,"href":"https:\/\/japanintercultural.com\/es\/wp-json\/wp\/v2\/users\/2"}],"replies":[{"embeddable":true,"href":"https:\/\/japanintercultural.com\/es\/wp-json\/wp\/v2\/comments?post=6610"}],"version-history":[{"count":4,"href":"https:\/\/japanintercultural.com\/es\/wp-json\/wp\/v2\/pages\/6610\/revisions"}],"predecessor-version":[{"id":6937,"href":"https:\/\/japanintercultural.com\/es\/wp-json\/wp\/v2\/pages\/6610\/revisions\/6937"}],"up":[{"embeddable":true,"href":"https:\/\/japanintercultural.com\/es\/wp-json\/wp\/v2\/pages\/6599"}],"wp:attachment":[{"href":"https:\/\/japanintercultural.com\/es\/wp-json\/wp\/v2\/media?parent=6610"}],"curies":[{"name":"wp","href":"https:\/\/api.w.org\/{rel}","templated":true}]}}